{"id":40,"date":"2015-03-10T00:01:32","date_gmt":"2015-03-10T03:01:32","guid":{"rendered":"http:\/\/eimargentina.com\/blog\/?page_id=40"},"modified":"2020-07-22T19:21:42","modified_gmt":"2020-07-22T22:21:42","slug":"recursos-para-ser-sede-3","status":"publish","type":"page","link":"http:\/\/eimargentina.com\/blog\/certificacion-de-eim-en-argentina\/recursos-para-ser-sede-3\/","title":{"rendered":"Recursos para ser sede del curso"},"content":{"rendered":"<h3>EIM Argentina<\/h3>\n<p>Director Nacional: Dr. Jorge Franchella<\/p>\n<p>Enviar slicitud a jfranchella@coasyp.org<\/p>\n<p>En asunto poner SEDE DE EIM ARGENTINA<\/p>\n<p>&nbsp;<\/p>\n<p>[table id=2\/]<\/p>\n<ul>\n<li>\u00a0Considerar los momentos de hidrataci\u00f3n y nutrici\u00f3n del d\u00eda<\/li>\n<li>La parte nutricional podr\u00e1 contemplar caracter\u00edsticas regionales del lugar. Por ejemplo los intervalos de la ma\u00f1ana y de la tarde podr\u00e1n ser cubiertos por la provisi\u00f3n de productos regionales. El almuerzo constar\u00e1 de la provisi\u00f3n de frutas y verduras, s\u00edmil programa \u00abfive a day\u00bb<\/li>\n<li>La estructura log\u00edstica incluye: preinscripci\u00f3n y las tareas espec\u00edficas del d\u00eda del curso.<\/li>\n<li>El dia del curso: recepci\u00f3n y registro, entrega y retiro de encuestas y ex\u00e1menes<\/li>\n<\/ul>\n<p>&nbsp;<\/p>\n<p>[table id=3\/]<\/p>\n<h6 style=\"text-align: center;\">\u00a0EIM Argentina proveer\u00e1 material espec\u00edfico para las clases te\u00f3ricas y actividad pr\u00e1ctica. Tambi\u00e9n formularios de encuestas y ex\u00e1menes<\/h6>\n","protected":false},"excerpt":{"rendered":"<p>EIM Argentina Director Nacional: Dr. Jorge Franchella Enviar slicitud a jfranchella@coasyp.org En asunto poner SEDE DE EIM ARGENTINA &nbsp; [table id=2\/] \u00a0Considerar los momentos de hidrataci\u00f3n y nutrici\u00f3n del d\u00eda La parte nutricional podr\u00e1 contemplar caracter\u00edsticas regionales del lugar. Por ejemplo los intervalos de la ma\u00f1ana y de la tarde podr\u00e1n ser cubiertos por la [&hellip;]<\/p>\n","protected":false},"author":3,"featured_media":0,"parent":21,"menu_order":0,"comment_status":"open","ping_status":"closed","template":"","meta":{"footnotes":""},"class_list":["post-40","page","type-page","status-publish","hentry"],"_links":{"self":[{"href":"http:\/\/eimargentina.com\/blog\/wp-json\/wp\/v2\/pages\/40","targetHints":{"allow":["GET"]}}],"collection":[{"href":"http:\/\/eimargentina.com\/blog\/wp-json\/wp\/v2\/pages"}],"about":[{"href":"http:\/\/eimargentina.com\/blog\/wp-json\/wp\/v2\/types\/page"}],"author":[{"embeddable":true,"href":"http:\/\/eimargentina.com\/blog\/wp-json\/wp\/v2\/users\/3"}],"replies":[{"embeddable":true,"href":"http:\/\/eimargentina.com\/blog\/wp-json\/wp\/v2\/comments?post=40"}],"version-history":[{"count":2,"href":"http:\/\/eimargentina.com\/blog\/wp-json\/wp\/v2\/pages\/40\/revisions"}],"predecessor-version":[{"id":874,"href":"http:\/\/eimargentina.com\/blog\/wp-json\/wp\/v2\/pages\/40\/revisions\/874"}],"up":[{"embeddable":true,"href":"http:\/\/eimargentina.com\/blog\/wp-json\/wp\/v2\/pages\/21"}],"wp:attachment":[{"href":"http:\/\/eimargentina.com\/blog\/wp-json\/wp\/v2\/media?parent=40"}],"curies":[{"name":"wp","href":"https:\/\/api.w.org\/{rel}","templated":true}]}}