{"id":24,"date":"2015-03-09T20:50:22","date_gmt":"2015-03-09T23:50:22","guid":{"rendered":"http:\/\/eimargentina.com\/blog\/?page_id=24"},"modified":"2015-03-09T20:50:22","modified_gmt":"2015-03-09T23:50:22","slug":"eim-para-profesionales-de-la-salud","status":"publish","type":"page","link":"http:\/\/eimargentina.com\/blog\/eim-para-profesionales-de-la-salud\/","title":{"rendered":"EIM para profesionales de la salud"},"content":{"rendered":"<p>Estimado proveedor de atenci\u00f3n m\u00e9dica, \u00bfY si hubiera una receta que podr\u00eda prevenir y tratar decenas de enfermedades, como la diabetes, la hipertensi\u00f3n y la obesidad? \u00bfQuieres que lo receten a sus pacientes? Por supuesto.<!--more--><\/p>\n<p>Los principios rectores de Ejercicio es Medicina son compartidos por el Colegio Americano de Medicina Deportiva (ACSM) y la Asociaci\u00f3n M\u00e9dica Americana (AMA). Est\u00e1n dise\u00f1ados para ayudar a mejorar la salud y el bienestar de nuestra naci\u00f3n a trav\u00e9s de una actividad regular, receta f\u00edsica de los medicos y otros proveedores de atenci\u00f3n de salud.<\/p>\n<h3>Los principios rectores del Ejercico es Medicina son los siguientes:<\/h3>\n<ul>\n<li>El ejercicio y la actividad f\u00edsica son importantes para la salud y para la prevenci\u00f3n y tratamiento de muchas enfermedades cr\u00f3nicas.<\/li>\n<li>Deber\u00edan tomarse medidas para hacer frente a la actividad f\u00edsica y el ejercicio en los centros asistenciales.<\/li>\n<li>ACSM y la AMA est\u00e1n haciendo esfuerzos para lograr un mayor \u00e9nfasis en la actividad f\u00edsica y el ejercicio en establecimientos de salud.<\/li>\n<\/ul>\n<p>&nbsp;<\/p>\n<p>No dude en leer este sitio para obtener informaci\u00f3n adicional. Usted encontrar\u00e1 una descripci\u00f3n mas detallada de Ejercicio es Medicina, formas en c\u00f3mo puede orientar a los pacientes en sus regimenes de ejercicio, as\u00ed como la formaci\u00f3n sobre c\u00f3mo la actividad f\u00edsica puede ser una parte integral del programa de salud de cualquier paciente.\u00a0Le instamos en hacer consulta de ejercicio de forma regular, importante parte de su interacci\u00f3n con cada paciente en cada visita.<\/p>\n<p>Muchas gracias por su inter\u00e9s en esta iniciativa. Deseamos con ansias trabajar con usted en el futuro para ayudar a avanzar en el programa Ejercicio es Medicina.<\/p>\n<p>&nbsp;<\/p>\n<h6>Robert E. Sallis. MD, FACSM<\/h6>\n<h6>Presidente del Grupo de Trabajo, Ejercicio es Medicina.<\/h6>\n<h6>2007-2008 Past-President, Colegio Americano de Medicina del Deporte.<\/h6>\n","protected":false},"excerpt":{"rendered":"<p>Estimado proveedor de atenci\u00f3n m\u00e9dica, \u00bfY si hubiera una receta que podr\u00eda prevenir y tratar decenas de enfermedades, como la diabetes, la hipertensi\u00f3n y la obesidad? \u00bfQuieres que lo receten a sus pacientes? Por supuesto.<\/p>\n","protected":false},"author":3,"featured_media":0,"parent":0,"menu_order":0,"comment_status":"open","ping_status":"open","template":"","meta":{"footnotes":""},"class_list":["post-24","page","type-page","status-publish","hentry"],"_links":{"self":[{"href":"http:\/\/eimargentina.com\/blog\/wp-json\/wp\/v2\/pages\/24","targetHints":{"allow":["GET"]}}],"collection":[{"href":"http:\/\/eimargentina.com\/blog\/wp-json\/wp\/v2\/pages"}],"about":[{"href":"http:\/\/eimargentina.com\/blog\/wp-json\/wp\/v2\/types\/page"}],"author":[{"embeddable":true,"href":"http:\/\/eimargentina.com\/blog\/wp-json\/wp\/v2\/users\/3"}],"replies":[{"embeddable":true,"href":"http:\/\/eimargentina.com\/blog\/wp-json\/wp\/v2\/comments?post=24"}],"version-history":[{"count":0,"href":"http:\/\/eimargentina.com\/blog\/wp-json\/wp\/v2\/pages\/24\/revisions"}],"wp:attachment":[{"href":"http:\/\/eimargentina.com\/blog\/wp-json\/wp\/v2\/media?parent=24"}],"curies":[{"name":"wp","href":"https:\/\/api.w.org\/{rel}","templated":true}]}}