{"id":2,"date":"2013-11-06T11:55:36","date_gmt":"2013-11-06T14:55:36","guid":{"rendered":"http:\/\/eimargentina.com\/blog\/?page_id=2"},"modified":"2023-02-07T13:08:05","modified_gmt":"2023-02-07T16:08:05","slug":"pagina-ejemplo","status":"publish","type":"page","link":"http:\/\/eimargentina.com\/blog\/pagina-ejemplo\/","title":{"rendered":"AMERICAN COLLEGE OF SPORTS MEDICINE"},"content":{"rendered":"<p><a href=\"http:\/\/eimargentina.com\/blog\/wp-content\/uploads\/2015\/04\/logo-acsm-1.jpg\"><img loading=\"lazy\" decoding=\"async\" class=\"alignnone  wp-image-214\" src=\"http:\/\/eimargentina.com\/blog\/wp-content\/uploads\/2015\/04\/logo-acsm-1-300x100.jpg\" alt=\"\" width=\"204\" height=\"68\" srcset=\"http:\/\/eimargentina.com\/blog\/wp-content\/uploads\/2015\/04\/logo-acsm-1-300x100.jpg 300w, http:\/\/eimargentina.com\/blog\/wp-content\/uploads\/2015\/04\/logo-acsm-1.jpg 630w\" sizes=\"auto, (max-width: 204px) 100vw, 204px\" \/><\/a><\/p>\n<p>We are the American College of Sports Medicine \u2013 with more than 50,000 members and certified professionals strong from 90 countries around the globe. Representing 70 occupations within the sports medicine field, ACSM is the only organization that offers a&nbsp;360-degree view of the profession.<\/p>\n<p>From&nbsp;academicians&nbsp;to&nbsp;students&nbsp;and from&nbsp;personal trainers&nbsp;to&nbsp;physicians, our association of sports medicine, exercise science, and health and fitness professionals is dedicated to helping people worldwide live longer, healthier lives.<\/p>\n<p>Somos el Colegio Americano de Medicina del Deporte, con m\u00e1s de 50.000 miembros y profesionales certificados de 90 pa\u00edses de todo el mundo. Representando 70 ocupaciones dentro del campo de la medicina deportiva, ACSM es la \u00fanica organizaci\u00f3n que ofrece una visi\u00f3n de 360 grados de la profesi\u00f3n.<\/p>\n<p>Desde acad\u00e9micos hasta estudiantes y desde entrenadores personales hasta m\u00e9dicos, nuestra asociaci\u00f3n de profesionales de la medicina deportiva, la ciencia del ejercicio y la salud y el fitness se dedica a ayudar a las personas de todo el mundo a vivir vidas m\u00e1s largas y saludables.<\/p>\n","protected":false},"excerpt":{"rendered":"<p>We are the American College of Sports Medicine \u2013 with more than 50,000 members and certified professionals strong from 90 countries around the globe. Representing 70 occupations within the sports medicine field, ACSM is the only organization that offers a&nbsp;360-degree view of the profession. From&nbsp;academicians&nbsp;to&nbsp;students&nbsp;and from&nbsp;personal trainers&nbsp;to&nbsp;physicians, our association of sports medicine, exercise science, and [&hellip;]<\/p>\n","protected":false},"author":1,"featured_media":0,"parent":0,"menu_order":0,"comment_status":"open","ping_status":"closed","template":"","meta":{"footnotes":""},"class_list":["post-2","page","type-page","status-publish","hentry"],"_links":{"self":[{"href":"http:\/\/eimargentina.com\/blog\/wp-json\/wp\/v2\/pages\/2","targetHints":{"allow":["GET"]}}],"collection":[{"href":"http:\/\/eimargentina.com\/blog\/wp-json\/wp\/v2\/pages"}],"about":[{"href":"http:\/\/eimargentina.com\/blog\/wp-json\/wp\/v2\/types\/page"}],"author":[{"embeddable":true,"href":"http:\/\/eimargentina.com\/blog\/wp-json\/wp\/v2\/users\/1"}],"replies":[{"embeddable":true,"href":"http:\/\/eimargentina.com\/blog\/wp-json\/wp\/v2\/comments?post=2"}],"version-history":[{"count":4,"href":"http:\/\/eimargentina.com\/blog\/wp-json\/wp\/v2\/pages\/2\/revisions"}],"predecessor-version":[{"id":1055,"href":"http:\/\/eimargentina.com\/blog\/wp-json\/wp\/v2\/pages\/2\/revisions\/1055"}],"wp:attachment":[{"href":"http:\/\/eimargentina.com\/blog\/wp-json\/wp\/v2\/media?parent=2"}],"curies":[{"name":"wp","href":"https:\/\/api.w.org\/{rel}","templated":true}]}}