{"id":1465,"date":"2024-05-10T20:43:03","date_gmt":"2024-05-10T23:43:03","guid":{"rendered":"http:\/\/eimargentina.com\/blog\/home\/"},"modified":"2025-09-15T19:44:24","modified_gmt":"2025-09-15T22:44:24","slug":"home","status":"publish","type":"page","link":"http:\/\/eimargentina.com\/blog\/","title":{"rendered":"Home"},"content":{"rendered":"\n<p><strong>Exercise is Medicine (EIM)<\/strong>&nbsp;es una iniciativa global de salud creada por el&nbsp;<strong>American College of Sports Medicine (ACSM)<\/strong>&nbsp;y la&nbsp;<strong>American Medical Association (AMA)<\/strong>. Su objetivo principal es&nbsp;<strong>incorporar la actividad f\u00edsica como parte esencial en la prevenci\u00f3n y tratamiento de enfermedades<\/strong>, especialmente las cr\u00f3nicas no transmisibles como la diabetes, enfermedades cardiovasculares, c\u00e1ncer y obesidad<\/p>\n\n\n\n<p><a>1<\/a>.<\/p>\n\n\n\n<h3 class=\"wp-block-heading\">\u00bfQu\u00e9 propone esta iniciativa?<\/h3>\n\n\n\n<ol class=\"wp-block-list\">\n<li><strong>Prescripci\u00f3n m\u00e9dica de ejercicio f\u00edsico<\/strong>: Se busca que los m\u00e9dicos y otros profesionales de la salud incluyan el ejercicio como parte de los tratamientos, igual que se prescribe un medicamento<a>2<\/a>.<\/li>\n\n\n\n<li><strong>Formaci\u00f3n profesional<\/strong>: Se capacita a m\u00e9dicos, fisioterapeutas, nutricionistas y especialistas en actividad f\u00edsica para que puedan recomendar programas de ejercicio basados en evidencia cient\u00edfica.<\/li>\n\n\n\n<li><strong>Prevenci\u00f3n y rehabilitaci\u00f3n<\/strong>: El ejercicio se considera una herramienta terap\u00e9utica para prevenir y tratar enfermedades, y tambi\u00e9n para mejorar la calidad de vida de los pacientes.<\/li>\n\n\n\n<li><strong>Acceso a programas personalizados<\/strong>: Se promueve el desarrollo de programas adaptados a cada persona, seg\u00fan su condici\u00f3n f\u00edsica y necesidades espec\u00edficas.<\/li>\n<\/ol>\n","protected":false},"excerpt":{"rendered":"<p>Exercise is Medicine (EIM)&nbsp;es una iniciativa global de salud creada por el&nbsp;American College of Sports Medicine (ACSM)&nbsp;y la&nbsp;American Medical Association (AMA). Su objetivo principal es&nbsp;incorporar la actividad f\u00edsica como parte esencial en la prevenci\u00f3n y tratamiento de enfermedades, especialmente las cr\u00f3nicas no transmisibles como la diabetes, enfermedades cardiovasculares, c\u00e1ncer y obesidad 1. \u00bfQu\u00e9 propone esta [&hellip;]<\/p>\n","protected":false},"author":1,"featured_media":0,"parent":0,"menu_order":0,"comment_status":"closed","ping_status":"closed","template":"page-templates\/frontpage.php","meta":{"footnotes":""},"class_list":["post-1465","page","type-page","status-publish","hentry"],"_links":{"self":[{"href":"http:\/\/eimargentina.com\/blog\/wp-json\/wp\/v2\/pages\/1465","targetHints":{"allow":["GET"]}}],"collection":[{"href":"http:\/\/eimargentina.com\/blog\/wp-json\/wp\/v2\/pages"}],"about":[{"href":"http:\/\/eimargentina.com\/blog\/wp-json\/wp\/v2\/types\/page"}],"author":[{"embeddable":true,"href":"http:\/\/eimargentina.com\/blog\/wp-json\/wp\/v2\/users\/1"}],"replies":[{"embeddable":true,"href":"http:\/\/eimargentina.com\/blog\/wp-json\/wp\/v2\/comments?post=1465"}],"version-history":[{"count":0,"href":"http:\/\/eimargentina.com\/blog\/wp-json\/wp\/v2\/pages\/1465\/revisions"}],"wp:attachment":[{"href":"http:\/\/eimargentina.com\/blog\/wp-json\/wp\/v2\/media?parent=1465"}],"curies":[{"name":"wp","href":"https:\/\/api.w.org\/{rel}","templated":true}]}}