{"id":1448,"date":"2024-02-01T19:01:12","date_gmt":"2024-02-01T22:01:12","guid":{"rendered":"http:\/\/eimargentina.com\/blog\/?page_id=1448"},"modified":"2024-02-01T19:01:59","modified_gmt":"2024-02-01T22:01:59","slug":"eim-argentina-2023","status":"publish","type":"page","link":"http:\/\/eimargentina.com\/blog\/eim-argentina-2023\/","title":{"rendered":"EIM ARGENTINA 2023"},"content":{"rendered":"\n<p class=\"has-vivid-cyan-blue-color has-text-color has-link-color wp-elements-5e0e13d51931a408eb7198e90351f9ee\">EN EL A\u00d1O 2023 LOS INTEGRANTES DE EIM ARGENTINA DESARROLLARON IMPORTANTES PARTICIPACIONES<\/p>\n\n\n\n<p class=\"has-vivid-cyan-blue-color has-text-color has-link-color wp-elements-e2ac88025c5e0ffd2abd891103bf6fc2\">LAS DESCRIBIMOS BREVEMENTE<\/p>\n\n\n\n<p class=\"has-vivid-cyan-blue-color has-text-color has-link-color wp-elements-5382ba9b9ae6ea10bffddb35cc71c75b\">PODR\u00c1 RECORRERLAS EN LA P\u00c1GINA<\/p>\n\n\n\n<figure class=\"wp-block-gallery has-nested-images columns-default is-cropped wp-block-gallery-1 is-layout-flex wp-block-gallery-is-layout-flex\">\n<figure class=\"wp-block-image size-large\"><a href=\"http:\/\/eimargentina.com\/blog\/wp-content\/uploads\/2024\/01\/IMG_20230530_113647747_HDR-scaled.jpg\"><img loading=\"lazy\" decoding=\"async\" width=\"1024\" height=\"449\" data-id=\"1315\" src=\"http:\/\/eimargentina.com\/blog\/wp-content\/uploads\/2024\/01\/IMG_20230530_113647747_HDR-1024x449.jpg\" alt=\"\" class=\"wp-image-1315\" srcset=\"http:\/\/eimargentina.com\/blog\/wp-content\/uploads\/2024\/01\/IMG_20230530_113647747_HDR-1024x449.jpg 1024w, http:\/\/eimargentina.com\/blog\/wp-content\/uploads\/2024\/01\/IMG_20230530_113647747_HDR-300x132.jpg 300w, http:\/\/eimargentina.com\/blog\/wp-content\/uploads\/2024\/01\/IMG_20230530_113647747_HDR-768x337.jpg 768w, http:\/\/eimargentina.com\/blog\/wp-content\/uploads\/2024\/01\/IMG_20230530_113647747_HDR-1536x674.jpg 1536w, http:\/\/eimargentina.com\/blog\/wp-content\/uploads\/2024\/01\/IMG_20230530_113647747_HDR-2048x898.jpg 2048w\" sizes=\"auto, (max-width: 1024px) 100vw, 1024px\" \/><\/a><\/figure>\n\n\n\n<figure class=\"wp-block-image size-large\"><a href=\"http:\/\/eimargentina.com\/blog\/wp-content\/uploads\/2024\/01\/Imagen2.jpg\"><img loading=\"lazy\" decoding=\"async\" width=\"1024\" height=\"479\" data-id=\"1310\" src=\"http:\/\/eimargentina.com\/blog\/wp-content\/uploads\/2024\/01\/Imagen2-1024x479.jpg\" alt=\"\" class=\"wp-image-1310\" srcset=\"http:\/\/eimargentina.com\/blog\/wp-content\/uploads\/2024\/01\/Imagen2-1024x479.jpg 1024w, http:\/\/eimargentina.com\/blog\/wp-content\/uploads\/2024\/01\/Imagen2-300x140.jpg 300w, http:\/\/eimargentina.com\/blog\/wp-content\/uploads\/2024\/01\/Imagen2-768x359.jpg 768w, http:\/\/eimargentina.com\/blog\/wp-content\/uploads\/2024\/01\/Imagen2-1536x718.jpg 1536w, http:\/\/eimargentina.com\/blog\/wp-content\/uploads\/2024\/01\/Imagen2.jpg 1838w\" sizes=\"auto, (max-width: 1024px) 100vw, 1024px\" \/><\/a><\/figure>\n\n\n\n<figure class=\"wp-block-image size-large\"><a href=\"http:\/\/eimargentina.com\/blog\/wp-content\/uploads\/2024\/01\/IMG_20230601_081324207_HDR-scaled.jpg\"><img loading=\"lazy\" decoding=\"async\" width=\"1024\" height=\"450\" data-id=\"1331\" src=\"http:\/\/eimargentina.com\/blog\/wp-content\/uploads\/2024\/01\/IMG_20230601_081324207_HDR-1024x450.jpg\" alt=\"\" class=\"wp-image-1331\" srcset=\"http:\/\/eimargentina.com\/blog\/wp-content\/uploads\/2024\/01\/IMG_20230601_081324207_HDR-1024x450.jpg 1024w, http:\/\/eimargentina.com\/blog\/wp-content\/uploads\/2024\/01\/IMG_20230601_081324207_HDR-300x132.jpg 300w, http:\/\/eimargentina.com\/blog\/wp-content\/uploads\/2024\/01\/IMG_20230601_081324207_HDR-768x337.jpg 768w, http:\/\/eimargentina.com\/blog\/wp-content\/uploads\/2024\/01\/IMG_20230601_081324207_HDR-1536x674.jpg 1536w, http:\/\/eimargentina.com\/blog\/wp-content\/uploads\/2024\/01\/IMG_20230601_081324207_HDR-2048x899.jpg 2048w\" sizes=\"auto, (max-width: 1024px) 100vw, 1024px\" \/><\/a><\/figure>\n\n\n\n<figure class=\"wp-block-image size-large\"><a href=\"http:\/\/eimargentina.com\/blog\/wp-content\/uploads\/2024\/01\/IMG_20230602_2230420362-scaled.jpg\"><img loading=\"lazy\" decoding=\"async\" width=\"1024\" height=\"450\" data-id=\"1341\" src=\"http:\/\/eimargentina.com\/blog\/wp-content\/uploads\/2024\/01\/IMG_20230602_2230420362-1024x450.jpg\" alt=\"\" class=\"wp-image-1341\" srcset=\"http:\/\/eimargentina.com\/blog\/wp-content\/uploads\/2024\/01\/IMG_20230602_2230420362-1024x450.jpg 1024w, http:\/\/eimargentina.com\/blog\/wp-content\/uploads\/2024\/01\/IMG_20230602_2230420362-300x132.jpg 300w, http:\/\/eimargentina.com\/blog\/wp-content\/uploads\/2024\/01\/IMG_20230602_2230420362-768x337.jpg 768w, http:\/\/eimargentina.com\/blog\/wp-content\/uploads\/2024\/01\/IMG_20230602_2230420362-1536x674.jpg 1536w, http:\/\/eimargentina.com\/blog\/wp-content\/uploads\/2024\/01\/IMG_20230602_2230420362-2048x899.jpg 2048w\" sizes=\"auto, (max-width: 1024px) 100vw, 1024px\" \/><\/a><\/figure>\n\n\n\n<figure class=\"wp-block-image size-large\"><a href=\"http:\/\/eimargentina.com\/blog\/wp-content\/uploads\/2024\/01\/IMG_20230602_191242056-2-scaled.jpg\"><img loading=\"lazy\" decoding=\"async\" width=\"1024\" height=\"450\" data-id=\"1366\" src=\"http:\/\/eimargentina.com\/blog\/wp-content\/uploads\/2024\/01\/IMG_20230602_191242056-2-1024x450.jpg\" alt=\"\" class=\"wp-image-1366\" srcset=\"http:\/\/eimargentina.com\/blog\/wp-content\/uploads\/2024\/01\/IMG_20230602_191242056-2-1024x450.jpg 1024w, http:\/\/eimargentina.com\/blog\/wp-content\/uploads\/2024\/01\/IMG_20230602_191242056-2-300x132.jpg 300w, http:\/\/eimargentina.com\/blog\/wp-content\/uploads\/2024\/01\/IMG_20230602_191242056-2-768x337.jpg 768w, http:\/\/eimargentina.com\/blog\/wp-content\/uploads\/2024\/01\/IMG_20230602_191242056-2-1536x674.jpg 1536w, http:\/\/eimargentina.com\/blog\/wp-content\/uploads\/2024\/01\/IMG_20230602_191242056-2-2048x899.jpg 2048w\" sizes=\"auto, (max-width: 1024px) 100vw, 1024px\" \/><\/a><\/figure>\n\n\n\n<figure class=\"wp-block-image size-large\"><a href=\"http:\/\/eimargentina.com\/blog\/wp-content\/uploads\/2024\/02\/sam-todos-1-scaled.jpg\"><img loading=\"lazy\" decoding=\"async\" width=\"1024\" height=\"576\" data-id=\"1393\" src=\"http:\/\/eimargentina.com\/blog\/wp-content\/uploads\/2024\/02\/sam-todos-1-1024x576.jpg\" alt=\"\" class=\"wp-image-1393\" srcset=\"http:\/\/eimargentina.com\/blog\/wp-content\/uploads\/2024\/02\/sam-todos-1-1024x576.jpg 1024w, http:\/\/eimargentina.com\/blog\/wp-content\/uploads\/2024\/02\/sam-todos-1-300x169.jpg 300w, http:\/\/eimargentina.com\/blog\/wp-content\/uploads\/2024\/02\/sam-todos-1-768x432.jpg 768w, http:\/\/eimargentina.com\/blog\/wp-content\/uploads\/2024\/02\/sam-todos-1-1536x864.jpg 1536w, http:\/\/eimargentina.com\/blog\/wp-content\/uploads\/2024\/02\/sam-todos-1-2048x1152.jpg 2048w\" sizes=\"auto, (max-width: 1024px) 100vw, 1024px\" \/><\/a><\/figure>\n\n\n\n<figure class=\"wp-block-image size-large\"><a href=\"http:\/\/eimargentina.com\/blog\/wp-content\/uploads\/2024\/02\/EIM-CORDOBA-5.jpg\"><img loading=\"lazy\" decoding=\"async\" width=\"576\" height=\"1024\" data-id=\"1400\" src=\"http:\/\/eimargentina.com\/blog\/wp-content\/uploads\/2024\/02\/EIM-CORDOBA-5-576x1024.jpg\" alt=\"\" class=\"wp-image-1400\" srcset=\"http:\/\/eimargentina.com\/blog\/wp-content\/uploads\/2024\/02\/EIM-CORDOBA-5-576x1024.jpg 576w, http:\/\/eimargentina.com\/blog\/wp-content\/uploads\/2024\/02\/EIM-CORDOBA-5-169x300.jpg 169w, http:\/\/eimargentina.com\/blog\/wp-content\/uploads\/2024\/02\/EIM-CORDOBA-5.jpg 720w\" sizes=\"auto, (max-width: 576px) 100vw, 576px\" \/><\/a><\/figure>\n\n\n\n<figure class=\"wp-block-image size-large\"><a href=\"http:\/\/eimargentina.com\/blog\/wp-content\/uploads\/2024\/02\/IMG-20231130-WA0092-EDIT.jpg\"><img loading=\"lazy\" decoding=\"async\" width=\"768\" height=\"1024\" data-id=\"1429\" src=\"http:\/\/eimargentina.com\/blog\/wp-content\/uploads\/2024\/02\/IMG-20231130-WA0092-EDIT-768x1024.jpg\" alt=\"\" class=\"wp-image-1429\" srcset=\"http:\/\/eimargentina.com\/blog\/wp-content\/uploads\/2024\/02\/IMG-20231130-WA0092-EDIT-768x1024.jpg 768w, http:\/\/eimargentina.com\/blog\/wp-content\/uploads\/2024\/02\/IMG-20231130-WA0092-EDIT-225x300.jpg 225w, http:\/\/eimargentina.com\/blog\/wp-content\/uploads\/2024\/02\/IMG-20231130-WA0092-EDIT.jpg 960w\" sizes=\"auto, (max-width: 768px) 100vw, 768px\" \/><\/a><\/figure>\n\n\n\n<figure class=\"wp-block-image size-large\"><a href=\"http:\/\/eimargentina.com\/blog\/wp-content\/uploads\/2024\/02\/IMG-20231020-WA0007.jpg\"><img loading=\"lazy\" decoding=\"async\" width=\"768\" height=\"1024\" data-id=\"1433\" src=\"http:\/\/eimargentina.com\/blog\/wp-content\/uploads\/2024\/02\/IMG-20231020-WA0007-768x1024.jpg\" alt=\"\" class=\"wp-image-1433\" srcset=\"http:\/\/eimargentina.com\/blog\/wp-content\/uploads\/2024\/02\/IMG-20231020-WA0007-768x1024.jpg 768w, http:\/\/eimargentina.com\/blog\/wp-content\/uploads\/2024\/02\/IMG-20231020-WA0007-225x300.jpg 225w, http:\/\/eimargentina.com\/blog\/wp-content\/uploads\/2024\/02\/IMG-20231020-WA0007-1152x1536.jpg 1152w, http:\/\/eimargentina.com\/blog\/wp-content\/uploads\/2024\/02\/IMG-20231020-WA0007.jpg 1200w\" sizes=\"auto, (max-width: 768px) 100vw, 768px\" \/><\/a><\/figure>\n<\/figure>\n","protected":false},"excerpt":{"rendered":"<p>EN EL A\u00d1O 2023 LOS INTEGRANTES DE EIM ARGENTINA DESARROLLARON IMPORTANTES PARTICIPACIONES LAS DESCRIBIMOS BREVEMENTE PODR\u00c1 RECORRERLAS EN LA P\u00c1GINA<\/p>\n","protected":false},"author":1,"featured_media":1353,"parent":0,"menu_order":0,"comment_status":"closed","ping_status":"closed","template":"","meta":{"footnotes":""},"class_list":["post-1448","page","type-page","status-publish","has-post-thumbnail","hentry"],"_links":{"self":[{"href":"http:\/\/eimargentina.com\/blog\/wp-json\/wp\/v2\/pages\/1448","targetHints":{"allow":["GET"]}}],"collection":[{"href":"http:\/\/eimargentina.com\/blog\/wp-json\/wp\/v2\/pages"}],"about":[{"href":"http:\/\/eimargentina.com\/blog\/wp-json\/wp\/v2\/types\/page"}],"author":[{"embeddable":true,"href":"http:\/\/eimargentina.com\/blog\/wp-json\/wp\/v2\/users\/1"}],"replies":[{"embeddable":true,"href":"http:\/\/eimargentina.com\/blog\/wp-json\/wp\/v2\/comments?post=1448"}],"version-history":[{"count":1,"href":"http:\/\/eimargentina.com\/blog\/wp-json\/wp\/v2\/pages\/1448\/revisions"}],"predecessor-version":[{"id":1450,"href":"http:\/\/eimargentina.com\/blog\/wp-json\/wp\/v2\/pages\/1448\/revisions\/1450"}],"wp:featuredmedia":[{"embeddable":true,"href":"http:\/\/eimargentina.com\/blog\/wp-json\/wp\/v2\/media\/1353"}],"wp:attachment":[{"href":"http:\/\/eimargentina.com\/blog\/wp-json\/wp\/v2\/media?parent=1448"}],"curies":[{"name":"wp","href":"https:\/\/api.w.org\/{rel}","templated":true}]}}